{"id":10,"date":"2013-08-25T21:26:55","date_gmt":"2013-08-25T19:26:55","guid":{"rendered":"http:\/\/yanmins.com\/?page_id=10"},"modified":"2022-03-23T15:48:50","modified_gmt":"2022-03-23T14:48:50","slug":"presentation","status":"publish","type":"page","link":"https:\/\/yanmins.com\/fr\/","title":{"rendered":"QUI SUIS-JE ?"},"content":{"rendered":"<p style=\"text-align: center;\"><a href=\"https:\/\/yanmins.com\/fr\/wp-content\/uploads\/2013\/08\/yanminphoto.jpg\"><img loading=\"lazy\" decoding=\"async\" class=\"wp-image-67 alignright\" style=\"margin: 0px 10px 10px 5px; -moz-box-shadow: 0px -1px 20px #a6a6a6; -webkit-box-shadow: 0px -1px 20px #000000; box-shadow: 0px -1px 20px #000000;\" src=\"https:\/\/yanmins.com\/fr\/wp-content\/uploads\/2013\/08\/yanminphoto.jpg\" alt=\"Photo Yan Min\" width=\"512\" height=\"288\" srcset=\"https:\/\/yanmins.com\/fr\/wp-content\/uploads\/2013\/08\/yanminphoto.jpg 500w, https:\/\/yanmins.com\/fr\/wp-content\/uploads\/2013\/08\/yanminphoto-300x168.jpg 300w\" sizes=\"auto, (max-width: 512px) 100vw, 512px\" \/><\/a><\/p>\n<h2 style=\"text-align: left;\"><span style=\"color: #0000ff;\">Biographie<\/span><\/h2>\n<p>N\u00e9e en Chine en 1971, Yan Min a commenc\u00e9 \u00e0 peindre \u00e0 l\u2019\u00e2ge de 12 ans. Apr\u00e8s des \u00e9tudes d\u2019arts au lyc\u00e9e, \u00e0 l\u2019institut normal sup\u00e9rieur et aux Beaux-Arts, elle obtient un Master en peinture \u00e0 l\u2019huile \u00e0 l\u2019institut d\u2019art de Nanjing en Chine (bac +7). Yan va nourrir sa pratique artistique d\u2019un savoir-faire acad\u00e9mique, des fondamentaux qui vont lui permettre de s\u2019exprimer librement \u00e0 travers son art.<br \/>\nEn 2000, Yan quitte son poste de professeur des Beaux-Arts \u00e0 l\u2019Universit\u00e9 de Suzhou. Arriv\u00e9e en France, elle d\u00e9croche en 2010 un DEA et un Doctorat d\u2019Arts Plastiques \u00e0 l\u2019Universit\u00e9 Paris 1 de Panth\u00e9on-Sorbonne. Elle va d\u2019ailleurs s\u2019engager dans un th\u00e8me tr\u00e8s cher \u00e0 son processus cr\u00e9atif, un sujet qui deviendra par la suite celui de sa th\u00e8se \u00ab Comment cr\u00e9er une relation plastique entre l\u2019espace r\u00e9el et l\u2019espace figur\u00e9 ? \u00bb. Une recherche esth\u00e9tique et plastique qui lui vaudra la mention \u00ab tr\u00e8s honorable \u00bb \u00e0 la fin de ses \u00e9tudes.<\/p>\n<p>C\u2019est en France, au d\u00e9but des ann\u00e9es 2000, qu\u2019elle d\u00e9couvre les joies du christianisme. Dans le 13e arrondissement, elle fait alors le choix de sacraliser symboliquement son nouveau d\u00e9part. Yan est \u00e0 la fois une intellectuelle, une artiste, et une fervente pratiquante.<br \/>\nSa trajectoire de vie lui fait rencontrer l\u2019amour en France, et c\u2019est pour rendre hommage \u00e0 cette union que Yan signe \u00e0 pr\u00e9sent chacune de ses \u0153uvres du nom d\u2019artiste Yan Min S\u00e9venier.<\/p>\n<p>En 2012, Yan ouvre son atelier de l\u2019Eau Vive \u00e0 Suresnes puis d\u00e9m\u00e9nage \u00e0 Puteaux en 2017. L\u2019atelier lui permet d\u2019exprimer sa cr\u00e9ativit\u00e9 mais aussi de transmettre ses savoirs et ses connaissances aux amoureux de la couleur. Pour honorer son savoir-faire d\u2019artiste peintre, Yan recevra plusieurs prix. Le prix de la municipalit\u00e9 du Salon des Artistes de la ville de Suresnes, ainsi que le prix d\u2019Excellence \u00e0 l\u2019exposition du Carrousel du Louvre pour le 50e Anniversaire des relations Diplomatiques Franco-Chinoises.<\/p>\n<p>Des courants artistiques comme l\u2019Impressionnisme, l\u2019art figuratif, l\u2019art du vitrail, mais aussi des peintres comme Monet, C\u00e9zanne, Chagall, David Hockney ou Daniel Brun l\u2019inspirent terriblement. Yan MIN SEVENIER adapte son style pictural \u00e0 cette exigence contemporaine. Elle pioche ses influences dans l\u2019impressionnisme et l\u2019art figuratif pour cr\u00e9er des \u0153uvres sur des supports beaucoup plus modernes. Tout en travaillant l\u2019espace figur\u00e9 dans l\u2019espace r\u00e9el, l\u2019artiste joue avec la mati\u00e8re, la lumi\u00e8re et la transparence.<\/p>\n<p>Les \u0153uvres de Yan Min S\u00e9venier ont \u00e9t\u00e9 expos\u00e9es dans plusieurs villes de Chine (Shanghai, Suzhou, Jinan, Xintai), en Cor\u00e9e du Sud (S\u00e9oul), en Isra\u00ebl (Tel Aviv), en France (Paris et ses environs). Ses tableaux se vendent \u00e0 l\u2019international (Chine, Ta\u00efwan, Cor\u00e9e du Sud, Suisse, France et Allemagne).<\/p>\n<p style=\"text-align: justify;\">\n<p><a title=\"Contact\" href=\"https:\/\/yanmins.com\/fr\/contact\/\">n&rsquo;h\u00e9sitez pas \u00e0 me contacter.<\/a><\/p>\n<h2 style=\"color: #006699;\"><span style=\"color: #0000ff;\">D\u00e9marche artistique<\/span><a href=\"https:\/\/yanmins.com\/fr\/wp-content\/uploads\/2022\/03\/19D91FFF-C2DB-4BF2-9C3D-710BA9AE17BA-scaled.jpg\"><img loading=\"lazy\" decoding=\"async\" class=\"alignleft wp-image-952 \" src=\"https:\/\/yanmins.com\/fr\/wp-content\/uploads\/2022\/03\/19D91FFF-C2DB-4BF2-9C3D-710BA9AE17BA-675x1024.jpg\" alt=\"\" width=\"478\" height=\"725\" srcset=\"https:\/\/yanmins.com\/fr\/wp-content\/uploads\/2022\/03\/19D91FFF-C2DB-4BF2-9C3D-710BA9AE17BA-675x1024.jpg 675w, https:\/\/yanmins.com\/fr\/wp-content\/uploads\/2022\/03\/19D91FFF-C2DB-4BF2-9C3D-710BA9AE17BA-198x300.jpg 198w, https:\/\/yanmins.com\/fr\/wp-content\/uploads\/2022\/03\/19D91FFF-C2DB-4BF2-9C3D-710BA9AE17BA-768x1165.jpg 768w, https:\/\/yanmins.com\/fr\/wp-content\/uploads\/2022\/03\/19D91FFF-C2DB-4BF2-9C3D-710BA9AE17BA-1013x1536.jpg 1013w, https:\/\/yanmins.com\/fr\/wp-content\/uploads\/2022\/03\/19D91FFF-C2DB-4BF2-9C3D-710BA9AE17BA-1350x2048.jpg 1350w, https:\/\/yanmins.com\/fr\/wp-content\/uploads\/2022\/03\/19D91FFF-C2DB-4BF2-9C3D-710BA9AE17BA-scaled.jpg 1688w\" sizes=\"auto, (max-width: 478px) 100vw, 478px\" \/><\/a><\/h2>\n<p>Artiste peintre plasticienne depuis 1990, Yan MIN SEVENIER est une femme passionn\u00e9e, cr\u00e9ative et pleine de vie.<br \/>\nTout commence en Chine, Yan se forme \u00e0 un savoir-faire pictural traditionnel et au dessin acad\u00e9mique. Ce pr\u00e9cieux h\u00e9ritage artistique lui permet de d\u00e9velopper un style figuratif personnel, inspir\u00e9 du courant Impressionniste, et teint\u00e9 d\u2019une exigence contemporaine tant recherch\u00e9e dans les \u0153uvres de l\u2019artiste.<\/p>\n<p>Au cours de ses \u00e9tudes, Yan n\u2019a qu\u2019une id\u00e9e en t\u00eate, exp\u00e9rimenter l\u2019espace figur\u00e9 dans l\u2019espace r\u00e9el.<br \/>\nSa th\u00e8se de Doctorat en Arts Plastiques la pousse \u00e0 peindre sur des toiles transparentes autour d\u2019une mise en sc\u00e8ne en 3 dimensions tr\u00e8s travaill\u00e9e. Au sein de \u00ab la maison transparente \u00bb, le spectateur circule alors dans des couloirs concentriques transparents ponctu\u00e9s de personnages et de mobiliers peints. Cette performance artistique in situ lui permet de mettre \u00e0 l\u2019\u00e9preuve la lumi\u00e8re, la couleur mais aussi les perceptions et le corps tout entier du spectateur. Yan invite, ainsi \u00e0 travers divers espaces transparents peints, une rencontre \u00e9motionnelle de l\u2019\u0153uvre, tout en offrant une version d\u00e9cal\u00e9e du portrait.<\/p>\n<p>A Puteaux, dans son atelier et au milieu de ses pinceaux, Yan pratique librement sa foi chr\u00e9tienne tout en laissant libre cours \u00e0 sa cr\u00e9ativit\u00e9 et \u00e0 son amour pour la peinture. Elle travaille diff\u00e9rents sujets comme le portrait, le paysage, les fleurs, ou les animaux. Elle ne se limite pas \u00e0 des sujets particuliers.<br \/>\nTouche \u00e0 tout, Yan s\u2019exprime aussi bien \u00e0 la peinture \u00e0 l\u2019huile, \u00e0 l\u2019acrylique, \u00e0 l\u2019aquarelle, qu\u2019aux pastels et \u00e0 la gouache.<br \/>\nL\u2019artiste joue avec les mati\u00e8res des supports qu\u2019elle utilise : toile, papier, mur, plastique transparent, PVC ou autre plexiglas. Le choix du support fixe la technique \u00e0 employer.<\/p>\n<p>Yan puise son inspiration dans les \u00e9v\u00e9nements du quotidien et dans la nature. Cette d\u00e9marche artistique lui permet de profiter de la vie, d\u2019aimer le monde, d\u2019appr\u00e9cier la beaut\u00e9 des choses, les parfums et les saveurs qui l\u2019entourent.<br \/>\nLa puissante secr\u00e8te du geste de l\u2019artiste reprend tout son \u00e9clat par le partage d\u2019une vision, la composition d\u2019un nouveau langage, mais aussi la patience, la pers\u00e9v\u00e9rance, l\u2019imagination, l\u2019apprentissage. Des efforts mais surtout des qualit\u00e9s qui font grandir l\u2019esprit cr\u00e9atif de l\u2019artiste, qui rendent ainsi un tr\u00e8s bel hommage au Cr\u00e9ateur.<\/p>\n<p>A travers sa touche picturale, Yan exprime avec amour, simplicit\u00e9, et fra\u00eecheur la beaut\u00e9 de la nature. Elle cherche \u00e0 transmettre l\u2019amour, la joie, la paix, la sinc\u00e9rit\u00e9, la v\u00e9rit\u00e9 pour inviter le spectateur vers plus de lumi\u00e8re, de beaut\u00e9 et de gratitude. Elle souhaite partager un message empli d\u2019apaisement et de douceur, une \u0153uvre qui contribue \u00e0 la gu\u00e9rison et \u00e0 la consolation de l\u2019\u00e2me et de l\u2019esprit de chacun.<\/p>\n","protected":false},"excerpt":{"rendered":"<p>Biographie N\u00e9e en Chine en 1971, Yan Min a commenc\u00e9 \u00e0 peindre \u00e0 l\u2019\u00e2ge de 12 ans. Apr\u00e8s des \u00e9tudes &hellip; <\/p>\n","protected":false},"author":2,"featured_media":0,"parent":0,"menu_order":0,"comment_status":"open","ping_status":"closed","template":"","meta":{"footnotes":""},"class_list":["post-10","page","type-page","status-publish","hentry"],"_links":{"self":[{"href":"https:\/\/yanmins.com\/fr\/wp-json\/wp\/v2\/pages\/10","targetHints":{"allow":["GET"]}}],"collection":[{"href":"https:\/\/yanmins.com\/fr\/wp-json\/wp\/v2\/pages"}],"about":[{"href":"https:\/\/yanmins.com\/fr\/wp-json\/wp\/v2\/types\/page"}],"author":[{"embeddable":true,"href":"https:\/\/yanmins.com\/fr\/wp-json\/wp\/v2\/users\/2"}],"replies":[{"embeddable":true,"href":"https:\/\/yanmins.com\/fr\/wp-json\/wp\/v2\/comments?post=10"}],"version-history":[{"count":33,"href":"https:\/\/yanmins.com\/fr\/wp-json\/wp\/v2\/pages\/10\/revisions"}],"predecessor-version":[{"id":1110,"href":"https:\/\/yanmins.com\/fr\/wp-json\/wp\/v2\/pages\/10\/revisions\/1110"}],"wp:attachment":[{"href":"https:\/\/yanmins.com\/fr\/wp-json\/wp\/v2\/media?parent=10"}],"curies":[{"name":"wp","href":"https:\/\/api.w.org\/{rel}","templated":true}]}}