{"id":26,"date":"2013-08-25T22:00:12","date_gmt":"2013-08-25T20:00:12","guid":{"rendered":"http:\/\/yanmins.com\/?page_id=26"},"modified":"2022-03-23T16:04:48","modified_gmt":"2022-03-23T15:04:48","slug":"atelier-de-leau-vive","status":"publish","type":"page","link":"https:\/\/yanmins.com\/fr\/atelier-de-leau-vive\/","title":{"rendered":"Bienvenue \u00e0 l\u2019Atelier"},"content":{"rendered":"<p style=\"text-align: left;\"><a href=\"https:\/\/yanmins.com\/fr\/wp-content\/uploads\/2013\/08\/logo_atelier_eau_vive_petit.jpg\"><img loading=\"lazy\" decoding=\"async\" class=\"wp-image-372 alignright\" src=\"https:\/\/yanmins.com\/fr\/wp-content\/uploads\/2013\/08\/logo_atelier_eau_vive_petit.jpg\" alt=\"logo_atelier_eau_vive_petit\" width=\"141\" height=\"131\" \/><\/a><a href=\"https:\/\/yanmins.com\/fr\/wp-content\/uploads\/2022\/03\/A48624A1-8887-48B7-BE92-C5EE0335B2E8.jpg\"><img loading=\"lazy\" decoding=\"async\" class=\"size-medium wp-image-962 alignleft\" src=\"https:\/\/yanmins.com\/fr\/wp-content\/uploads\/2022\/03\/A48624A1-8887-48B7-BE92-C5EE0335B2E8-300x294.jpg\" alt=\"\" width=\"300\" height=\"294\" srcset=\"https:\/\/yanmins.com\/fr\/wp-content\/uploads\/2022\/03\/A48624A1-8887-48B7-BE92-C5EE0335B2E8-300x294.jpg 300w, https:\/\/yanmins.com\/fr\/wp-content\/uploads\/2022\/03\/A48624A1-8887-48B7-BE92-C5EE0335B2E8-1024x1002.jpg 1024w, https:\/\/yanmins.com\/fr\/wp-content\/uploads\/2022\/03\/A48624A1-8887-48B7-BE92-C5EE0335B2E8-768x751.jpg 768w, https:\/\/yanmins.com\/fr\/wp-content\/uploads\/2022\/03\/A48624A1-8887-48B7-BE92-C5EE0335B2E8-70x70.jpg 70w, https:\/\/yanmins.com\/fr\/wp-content\/uploads\/2022\/03\/A48624A1-8887-48B7-BE92-C5EE0335B2E8.jpg 1440w\" sizes=\"auto, (max-width: 300px) 100vw, 300px\" \/><\/a><!--more--><!--more--><\/p>\n<p>Vous souhaitez\u00a0apprendre\u00a0\u00e0\u00a0dessiner ou \u00e0 peindre \u00e0 Puteaux ? Vous cherchez un atelier pour cr\u00e9er\u00a0\u00e0\u00a0votre rythme\u00a0? Pour\u00a0tous les \u00e2ges\u00a0et\u00a0tous les niveaux, rejoignez l\u2019Atelier de l\u2019Eau Vive\u00a0!<br \/>Cet atelier est un espace ouvert \u00e0 la cr\u00e9ativit\u00e9, aux couleurs et aux Arts Plastiques. La fondatrice Yan MIN SEVENIER, artiste peintre professionnelle et docteur en Arts Plastiques, a\u00a0le plaisir de vous transmettre tout\u00a0son savoir-faire et ses diverses comp\u00e9tences acquises en Chine et en France.<br \/>EN DESSIN &#8211; Vous d\u00e9couvrirez : le pastel, le fusain, le crayon, l&rsquo;encre, etc.<br \/>EN PEINTURE &#8211; Vous d\u00e9couvrirez : La peinture \u00e0 huile, l\u2019acrylique, l\u2019aquarelle, l&rsquo;gouache, les techniques acad\u00e9miques ou contemporaines;<br \/>Pour toute question concernant l\u2019atelier, le calendrier des cours ou des places disponibles, n\u2019h\u00e9sitez pas \u00e0 nous contacter.<\/p>\n<p>Adresse de l\u2019atelier :<br \/><span style=\"color: #0000ff;\"><strong>ATELIER DE L\u2019EAU VIVE<\/strong><\/span><br \/>24, rue Des Bas Rogers \u2013 92800 Puteaux, France<br \/>Email contact : <a href=\"mailto:yanminjean1@yahoo.fr\">yanminjean1@yahoo.fr<\/a><br \/>Site web : <a href=\"https:\/\/www.yanmins.com\/\">https:\/\/www.yanmins.com\/<\/a><\/p>\n<h4><strong><span style=\"color: #0000ff;\">YAN MIN SEVENIER<\/span><\/strong><\/h4>\n<p>Artiste peintre contemporaine profond\u00e9ment marqu\u00e9e par les valeurs du christianisme, Yan vous transmettra son amour pour Dieu, l\u2019art, et pour son prochain.<br \/>Sa confession de foi\u00a0lui permet d\u2019enrichir sa vision cr\u00e9atrice tourn\u00e9e vers le beau, le faire et le partage. <br \/>Yan base toute sa r\u00e9flexion artistique sur un questionnement central\u00a0: Comment cr\u00e9er une passerelle entre 2 espaces visuels bien r\u00e9els\u00a0: l\u2019espace mat\u00e9riel et l\u2019espace spirituel\u00a0?<br \/>Dans ses \u0153uvres, Yan travaille sur l\u2019espace figur\u00e9, la perspective, la couleur, la lumi\u00e8re, la transparence dans le but de repr\u00e9senter l\u2019espace visuel sur des supports non conventionnels.<\/p>\n<p style=\"text-align: center;\"><em>\u00a0L\u2019amour est la vraie couleur, la vraie mati\u00e8re de l\u2019art.\u00a0<\/em><br \/>Marc Chagall<\/p>\n<h3><span style=\"font-size: revert; color: #0000ff; font-family: -apple-system, BlinkMacSystemFont, 'Segoe UI', Roboto, Oxygen-Sans, Ubuntu, Cantarell, 'Helvetica Neue', sans-serif;\">Pourquoi L\u2019Eau Vive\u00a0?<\/span><\/h3>\n<p><span style=\"font-size: revert; color: initial; font-family: -apple-system, BlinkMacSystemFont, 'Segoe UI', Roboto, Oxygen-Sans, Ubuntu, Cantarell, 'Helvetica Neue', sans-serif;\"><br \/>Je voudrais vous inviter \u00e0 lire ces quelques versets de la Bible tir\u00e9s du livre de Jean (chapitre 4, versets 10 \u00e0 14)<br \/><em>\u00a010. J\u00e9sus lui r\u00e9pondit : Si tu connaissais le don de Dieu et qui est celui qui te dit: Donne-moi \u00e0 boire, c\u2019est toi qui lui aurais demand\u00e9, et il t\u2019aurait donn\u00e9 de l\u2019eau vive. 11. La femme lui dit : Seigneur, tu n\u2019as rien pour puiser, et le puits est profond; d\u2019o\u00f9 as-tu donc cette eau vive ? 12. Es-tu plus grand que notre p\u00e8re Jacob qui nous a donn\u00e9 le puits et qui lui-m\u00eame en a bu, ainsi que ses fils et son b\u00e9tail ? 13. J\u00e9sus lui r\u00e9pondit : Quiconque boit de cette eau-ci aura de nouveau soif ; 14. celui qui boira de l\u2019eau que je lui donnerai, moi, n\u2019aura plus soif, \u00e0 jamais ; mais l\u2019eau que je lui donnerai sera en lui une fontaine d\u2019eau jaillissant en vie \u00e9ternelle.\u00a0<\/em><br \/>Mon inspiration vient de cette Eau Vive,\u00a0 qui m\u2019anime, me bouleverse et me rend chaque jour bien plus heureuse. A travers le langage et les techniques des Arts Plastiques, puisons ensemble les bienfaits de cette Eau Vive, cette eau qui jaillit pour nous aider \u00e0 mieux cr\u00e9er ensemble.<br \/>Yan MIN SEVENIER<\/span><\/p>\n<p><a href=\"https:\/\/yanmins.com\/fr\/wp-content\/uploads\/2022\/03\/yan-logo-vectotransparent.png\"><img loading=\"lazy\" decoding=\"async\" class=\"alignnone size-medium wp-image-1000\" src=\"https:\/\/yanmins.com\/fr\/wp-content\/uploads\/2022\/03\/yan-logo-vectotransparent-300x93.png\" alt=\"\" width=\"300\" height=\"93\" srcset=\"https:\/\/yanmins.com\/fr\/wp-content\/uploads\/2022\/03\/yan-logo-vectotransparent-300x93.png 300w, https:\/\/yanmins.com\/fr\/wp-content\/uploads\/2022\/03\/yan-logo-vectotransparent-1024x316.png 1024w, https:\/\/yanmins.com\/fr\/wp-content\/uploads\/2022\/03\/yan-logo-vectotransparent-768x237.png 768w, https:\/\/yanmins.com\/fr\/wp-content\/uploads\/2022\/03\/yan-logo-vectotransparent.png 1280w\" sizes=\"auto, (max-width: 300px) 100vw, 300px\" \/><\/a><\/p>\n<p>\u00a0<\/p>\n\n\n<div class=\"wp-block-image is-style-rounded\"><figure class=\"aligncenter size-large is-resized\"><a href=\"https:\/\/yanmins.com\/fr\/wp-content\/uploads\/2022\/03\/FullSizeRender-3-copie-scaled.jpg\"><img loading=\"lazy\" decoding=\"async\" src=\"https:\/\/yanmins.com\/fr\/wp-content\/uploads\/2022\/03\/FullSizeRender-3-copie-1024x662.jpg\" alt=\"\" class=\"wp-image-1100\" width=\"718\" height=\"464\" srcset=\"https:\/\/yanmins.com\/fr\/wp-content\/uploads\/2022\/03\/FullSizeRender-3-copie-1024x662.jpg 1024w, https:\/\/yanmins.com\/fr\/wp-content\/uploads\/2022\/03\/FullSizeRender-3-copie-300x194.jpg 300w, https:\/\/yanmins.com\/fr\/wp-content\/uploads\/2022\/03\/FullSizeRender-3-copie-768x497.jpg 768w, https:\/\/yanmins.com\/fr\/wp-content\/uploads\/2022\/03\/FullSizeRender-3-copie-1536x993.jpg 1536w, https:\/\/yanmins.com\/fr\/wp-content\/uploads\/2022\/03\/FullSizeRender-3-copie-2048x1324.jpg 2048w\" sizes=\"auto, (max-width: 718px) 100vw, 718px\" \/><\/a><figcaption>Atelier de l&rsquo;eau vive 24 Rue Des Bas Rogers, 92800 Puteaux<\/figcaption><\/figure><\/div>\n\n\n\n<p><strong>Quelques projets r\u00e9alis\u00e9s par les \u00e9l\u00e8ves de l\u2019atelier<\/strong><\/p>\n\n\n\n<div class=\"wp-block-columns is-layout-flex wp-container-core-columns-is-layout-9d6595d7 wp-block-columns-is-layout-flex\">\n<div class=\"wp-block-column is-layout-flow wp-block-column-is-layout-flow\" style=\"flex-basis:100%\">\n<figure class=\"wp-block-gallery aligncenter has-nested-images columns-default is-cropped wp-block-gallery-1 is-layout-flex wp-block-gallery-is-layout-flex\">\n<figure class=\"wp-block-image size-large is-style-rounded\"><a href=\"https:\/\/yanmins.com\/fr\/wp-content\/uploads\/2022\/03\/Aquarelle-2.jpeg\"><img loading=\"lazy\" decoding=\"async\" width=\"1024\" height=\"750\" data-id=\"1041\" src=\"https:\/\/yanmins.com\/fr\/wp-content\/uploads\/2022\/03\/Aquarelle-2-1024x750.jpeg\" alt=\"\" class=\"wp-image-1041\" srcset=\"https:\/\/yanmins.com\/fr\/wp-content\/uploads\/2022\/03\/Aquarelle-2-1024x750.jpeg 1024w, https:\/\/yanmins.com\/fr\/wp-content\/uploads\/2022\/03\/Aquarelle-2-300x220.jpeg 300w, https:\/\/yanmins.com\/fr\/wp-content\/uploads\/2022\/03\/Aquarelle-2-768x562.jpeg 768w, https:\/\/yanmins.com\/fr\/wp-content\/uploads\/2022\/03\/Aquarelle-2.jpeg 1060w\" sizes=\"auto, (max-width: 1024px) 100vw, 1024px\" \/><\/a><figcaption>Cours aquarelle collective \u00e0 l&rsquo;association Suresnes<\/figcaption><\/figure>\n\n\n\n<figure class=\"wp-block-image size-large is-style-rounded\"><a href=\"https:\/\/yanmins.com\/fr\/wp-content\/uploads\/2022\/03\/IMG_8587-scaled.jpeg\"><img loading=\"lazy\" decoding=\"async\" width=\"1024\" height=\"768\" data-id=\"1042\" src=\"https:\/\/yanmins.com\/fr\/wp-content\/uploads\/2022\/03\/IMG_8587-1024x768.jpeg\" alt=\"\" class=\"wp-image-1042\" srcset=\"https:\/\/yanmins.com\/fr\/wp-content\/uploads\/2022\/03\/IMG_8587-1024x768.jpeg 1024w, https:\/\/yanmins.com\/fr\/wp-content\/uploads\/2022\/03\/IMG_8587-300x225.jpeg 300w, https:\/\/yanmins.com\/fr\/wp-content\/uploads\/2022\/03\/IMG_8587-768x576.jpeg 768w, https:\/\/yanmins.com\/fr\/wp-content\/uploads\/2022\/03\/IMG_8587-1536x1152.jpeg 1536w, https:\/\/yanmins.com\/fr\/wp-content\/uploads\/2022\/03\/IMG_8587-2048x1536.jpeg 2048w\" sizes=\"auto, (max-width: 1024px) 100vw, 1024px\" \/><\/a><figcaption>Cours \u00e0 domicilie <\/figcaption><\/figure>\n\n\n\n<figure class=\"wp-block-image size-large is-style-rounded\"><a href=\"https:\/\/yanmins.com\/fr\/wp-content\/uploads\/2022\/03\/IMG_9234-scaled.jpeg\"><img loading=\"lazy\" decoding=\"async\" width=\"768\" height=\"1024\" data-id=\"1046\" src=\"https:\/\/yanmins.com\/fr\/wp-content\/uploads\/2022\/03\/IMG_9234-768x1024.jpeg\" alt=\"\" class=\"wp-image-1046\" srcset=\"https:\/\/yanmins.com\/fr\/wp-content\/uploads\/2022\/03\/IMG_9234-768x1024.jpeg 768w, https:\/\/yanmins.com\/fr\/wp-content\/uploads\/2022\/03\/IMG_9234-225x300.jpeg 225w, https:\/\/yanmins.com\/fr\/wp-content\/uploads\/2022\/03\/IMG_9234-1152x1536.jpeg 1152w, https:\/\/yanmins.com\/fr\/wp-content\/uploads\/2022\/03\/IMG_9234-1536x2048.jpeg 1536w, https:\/\/yanmins.com\/fr\/wp-content\/uploads\/2022\/03\/IMG_9234-scaled.jpeg 1920w\" sizes=\"auto, (max-width: 768px) 100vw, 768px\" \/><\/a><figcaption>Cours individuel dans l&rsquo;atelier 24 rue Bas Rogers Puteaux<\/figcaption><\/figure>\n\n\n\n<figure class=\"wp-block-image size-large is-style-rounded\"><a href=\"https:\/\/yanmins.com\/fr\/wp-content\/uploads\/2022\/03\/IMG_4468.jpeg\"><img loading=\"lazy\" decoding=\"async\" width=\"1024\" height=\"768\" data-id=\"1047\" src=\"https:\/\/yanmins.com\/fr\/wp-content\/uploads\/2022\/03\/IMG_4468-1024x768.jpeg\" alt=\"\" class=\"wp-image-1047\" srcset=\"https:\/\/yanmins.com\/fr\/wp-content\/uploads\/2022\/03\/IMG_4468-1024x768.jpeg 1024w, https:\/\/yanmins.com\/fr\/wp-content\/uploads\/2022\/03\/IMG_4468-300x225.jpeg 300w, https:\/\/yanmins.com\/fr\/wp-content\/uploads\/2022\/03\/IMG_4468-768x576.jpeg 768w, https:\/\/yanmins.com\/fr\/wp-content\/uploads\/2022\/03\/IMG_4468-1536x1152.jpeg 1536w, https:\/\/yanmins.com\/fr\/wp-content\/uploads\/2022\/03\/IMG_4468.jpeg 2048w\" sizes=\"auto, (max-width: 1024px) 100vw, 1024px\" \/><\/a><figcaption>Cours en voyage en plein air<\/figcaption><\/figure>\n\n\n\n<figure class=\"wp-block-image size-large is-style-rounded\"><a href=\"https:\/\/yanmins.com\/fr\/wp-content\/uploads\/2022\/03\/IMG_1507-scaled.jpeg\"><img loading=\"lazy\" decoding=\"async\" width=\"768\" height=\"1024\" data-id=\"1052\" src=\"https:\/\/yanmins.com\/fr\/wp-content\/uploads\/2022\/03\/IMG_1507-768x1024.jpeg\" alt=\"\" class=\"wp-image-1052\" srcset=\"https:\/\/yanmins.com\/fr\/wp-content\/uploads\/2022\/03\/IMG_1507-768x1024.jpeg 768w, https:\/\/yanmins.com\/fr\/wp-content\/uploads\/2022\/03\/IMG_1507-225x300.jpeg 225w, https:\/\/yanmins.com\/fr\/wp-content\/uploads\/2022\/03\/IMG_1507-1152x1536.jpeg 1152w, https:\/\/yanmins.com\/fr\/wp-content\/uploads\/2022\/03\/IMG_1507-1536x2048.jpeg 1536w, https:\/\/yanmins.com\/fr\/wp-content\/uploads\/2022\/03\/IMG_1507-scaled.jpeg 1920w\" sizes=\"auto, (max-width: 768px) 100vw, 768px\" \/><\/a><figcaption>cours \u00e0 distance<\/figcaption><\/figure>\n\n\n\n<figure class=\"wp-block-image size-large is-style-rounded\"><a href=\"https:\/\/yanmins.com\/fr\/wp-content\/uploads\/2022\/03\/IMG_1647-scaled.jpeg\"><img loading=\"lazy\" decoding=\"async\" width=\"1024\" height=\"768\" data-id=\"1051\" src=\"https:\/\/yanmins.com\/fr\/wp-content\/uploads\/2022\/03\/IMG_1647-1024x768.jpeg\" alt=\"\" class=\"wp-image-1051\" srcset=\"https:\/\/yanmins.com\/fr\/wp-content\/uploads\/2022\/03\/IMG_1647-1024x768.jpeg 1024w, https:\/\/yanmins.com\/fr\/wp-content\/uploads\/2022\/03\/IMG_1647-300x225.jpeg 300w, https:\/\/yanmins.com\/fr\/wp-content\/uploads\/2022\/03\/IMG_1647-768x576.jpeg 768w, https:\/\/yanmins.com\/fr\/wp-content\/uploads\/2022\/03\/IMG_1647-1536x1152.jpeg 1536w, https:\/\/yanmins.com\/fr\/wp-content\/uploads\/2022\/03\/IMG_1647-2048x1536.jpeg 2048w\" sizes=\"auto, (max-width: 1024px) 100vw, 1024px\" \/><\/a><figcaption>Cours dans l&rsquo;atelier jardin<\/figcaption><\/figure>\n\n\n\n<figure class=\"wp-block-image size-large is-style-rounded\"><a href=\"https:\/\/yanmins.com\/fr\/wp-content\/uploads\/2022\/03\/IMG_3759.jpeg\"><img loading=\"lazy\" decoding=\"async\" width=\"1024\" height=\"752\" data-id=\"1044\" src=\"https:\/\/yanmins.com\/fr\/wp-content\/uploads\/2022\/03\/IMG_3759-1024x752.jpeg\" alt=\"\" class=\"wp-image-1044\" srcset=\"https:\/\/yanmins.com\/fr\/wp-content\/uploads\/2022\/03\/IMG_3759-1024x752.jpeg 1024w, https:\/\/yanmins.com\/fr\/wp-content\/uploads\/2022\/03\/IMG_3759-300x220.jpeg 300w, https:\/\/yanmins.com\/fr\/wp-content\/uploads\/2022\/03\/IMG_3759-768x564.jpeg 768w, https:\/\/yanmins.com\/fr\/wp-content\/uploads\/2022\/03\/IMG_3759.jpeg 1440w\" sizes=\"auto, (max-width: 1024px) 100vw, 1024px\" \/><\/a><figcaption>Cours dans l&rsquo;atelier Jardin<\/figcaption><\/figure>\n<\/figure>\n<\/div>\n<\/div>\n\n\n\n<figure class=\"wp-block-gallery has-nested-images columns-default is-cropped wp-block-gallery-2 is-layout-flex wp-block-gallery-is-layout-flex\">\n<figure class=\"wp-block-image size-large is-style-rounded\"><a href=\"https:\/\/yanmins.com\/fr\/wp-content\/uploads\/2022\/03\/IMG_8780-scaled.jpeg\"><img loading=\"lazy\" decoding=\"async\" width=\"1024\" height=\"768\" data-id=\"1080\" src=\"https:\/\/yanmins.com\/fr\/wp-content\/uploads\/2022\/03\/IMG_8780-1024x768.jpeg\" alt=\"\" class=\"wp-image-1080\" srcset=\"https:\/\/yanmins.com\/fr\/wp-content\/uploads\/2022\/03\/IMG_8780-1024x768.jpeg 1024w, https:\/\/yanmins.com\/fr\/wp-content\/uploads\/2022\/03\/IMG_8780-300x225.jpeg 300w, https:\/\/yanmins.com\/fr\/wp-content\/uploads\/2022\/03\/IMG_8780-768x576.jpeg 768w, https:\/\/yanmins.com\/fr\/wp-content\/uploads\/2022\/03\/IMG_8780-1536x1152.jpeg 1536w, https:\/\/yanmins.com\/fr\/wp-content\/uploads\/2022\/03\/IMG_8780-2048x1536.jpeg 2048w\" sizes=\"auto, (max-width: 1024px) 100vw, 1024px\" \/><\/a><figcaption>Cours   peinture \u00e0 l&rsquo;huile dans l&rsquo;atelier de l&rsquo;eau vive \u00e0 Puteaux<\/figcaption><\/figure>\n\n\n\n<figure class=\"wp-block-image size-large is-style-rounded\"><a href=\"https:\/\/yanmins.com\/fr\/wp-content\/uploads\/2022\/03\/IMG_8860-scaled.jpeg\"><img loading=\"lazy\" decoding=\"async\" width=\"768\" height=\"1024\" data-id=\"1081\" src=\"https:\/\/yanmins.com\/fr\/wp-content\/uploads\/2022\/03\/IMG_8860-768x1024.jpeg\" alt=\"\" class=\"wp-image-1081\" srcset=\"https:\/\/yanmins.com\/fr\/wp-content\/uploads\/2022\/03\/IMG_8860-768x1024.jpeg 768w, https:\/\/yanmins.com\/fr\/wp-content\/uploads\/2022\/03\/IMG_8860-225x300.jpeg 225w, https:\/\/yanmins.com\/fr\/wp-content\/uploads\/2022\/03\/IMG_8860-1152x1536.jpeg 1152w, https:\/\/yanmins.com\/fr\/wp-content\/uploads\/2022\/03\/IMG_8860-1536x2048.jpeg 1536w, https:\/\/yanmins.com\/fr\/wp-content\/uploads\/2022\/03\/IMG_8860-scaled.jpeg 1920w\" sizes=\"auto, (max-width: 768px) 100vw, 768px\" \/><\/a><figcaption>Cours collective tous techniques \u00e0 Rueil <\/figcaption><\/figure>\n\n\n\n<figure class=\"wp-block-image size-large is-style-rounded\"><a href=\"https:\/\/yanmins.com\/fr\/wp-content\/uploads\/2022\/03\/IMG_9110-scaled.jpeg\"><img loading=\"lazy\" decoding=\"async\" width=\"1024\" height=\"768\" data-id=\"1082\" src=\"https:\/\/yanmins.com\/fr\/wp-content\/uploads\/2022\/03\/IMG_9110-1024x768.jpeg\" alt=\"\" class=\"wp-image-1082\" srcset=\"https:\/\/yanmins.com\/fr\/wp-content\/uploads\/2022\/03\/IMG_9110-1024x768.jpeg 1024w, https:\/\/yanmins.com\/fr\/wp-content\/uploads\/2022\/03\/IMG_9110-300x225.jpeg 300w, https:\/\/yanmins.com\/fr\/wp-content\/uploads\/2022\/03\/IMG_9110-768x576.jpeg 768w, https:\/\/yanmins.com\/fr\/wp-content\/uploads\/2022\/03\/IMG_9110-1536x1152.jpeg 1536w, https:\/\/yanmins.com\/fr\/wp-content\/uploads\/2022\/03\/IMG_9110-2048x1536.jpeg 2048w\" sizes=\"auto, (max-width: 1024px) 100vw, 1024px\" \/><\/a><figcaption>Cours dans l&rsquo;atelier l&rsquo;eau vive \u00e0 Puteaux<\/figcaption><\/figure>\n<\/figure>\n\n\n\n<p><\/p>\n","protected":false},"excerpt":{"rendered":"","protected":false},"author":2,"featured_media":0,"parent":0,"menu_order":7,"comment_status":"open","ping_status":"closed","template":"","meta":{"footnotes":""},"class_list":["post-26","page","type-page","status-publish","hentry"],"_links":{"self":[{"href":"https:\/\/yanmins.com\/fr\/wp-json\/wp\/v2\/pages\/26","targetHints":{"allow":["GET"]}}],"collection":[{"href":"https:\/\/yanmins.com\/fr\/wp-json\/wp\/v2\/pages"}],"about":[{"href":"https:\/\/yanmins.com\/fr\/wp-json\/wp\/v2\/types\/page"}],"author":[{"embeddable":true,"href":"https:\/\/yanmins.com\/fr\/wp-json\/wp\/v2\/users\/2"}],"replies":[{"embeddable":true,"href":"https:\/\/yanmins.com\/fr\/wp-json\/wp\/v2\/comments?post=26"}],"version-history":[{"count":16,"href":"https:\/\/yanmins.com\/fr\/wp-json\/wp\/v2\/pages\/26\/revisions"}],"predecessor-version":[{"id":1107,"href":"https:\/\/yanmins.com\/fr\/wp-json\/wp\/v2\/pages\/26\/revisions\/1107"}],"wp:attachment":[{"href":"https:\/\/yanmins.com\/fr\/wp-json\/wp\/v2\/media?parent=26"}],"curies":[{"name":"wp","href":"https:\/\/api.w.org\/{rel}","templated":true}]}}